{"id":391,"date":"2019-06-07T11:55:27","date_gmt":"2019-06-07T09:55:27","guid":{"rendered":"https:\/\/mopilab.com\/ci-presentiamo\/"},"modified":"2022-03-03T16:01:44","modified_gmt":"2022-03-03T15:01:44","slug":"azienda","status":"publish","type":"page","link":"https:\/\/mopilab.com\/it\/azienda\/","title":{"rendered":"Ci presentiamo"},"content":{"rendered":"<div class=\"title-box-d\"><img decoding=\"async\" class=\"alignnone size-full wp-image-392\" src=\"\/wp-content\/uploads\/2019\/03\/logo-mopi.png\" alt=\"\" width=\"232\" height=\"102\" \/><\/div>\n<p>MOPI S.r.l. \u00e8 una start-up innovativa con sede a Pisa.<\/p>\n<p>Fondata nel 2017, siamo una realt\u00e0 capace di valorizzare le significative esperienze della nostra squadra, ben addestrata ad eseguire gli studi pi\u00f9 avanzati all\u2019interno di un laboratorio affidabile, tecnologicamente avanzato e certificato ISO 9001:2015.<\/p>\n<p><strong>Il nostro obiettivo<\/strong>\u00a0\u00e8 trovare nuove applicazioni per tutti i rifiuti, scarti o sottoprodotti di processi industriali, oltre a plastiche e gomme post consumo, per reintrodurli come nuove materie prime nel ciclo produttivo generando economia circolare.<\/p>\n<p>Il nostro impegno si basa sul\u00a0<strong>lavoro strettamente connesso di ricercatori, professionisti e aziende industriali<\/strong><strong>.<\/strong><\/p>\n<p>&nbsp;<\/p>\n","protected":false},"excerpt":{"rendered":"<p>MOPI S.r.l. \u00e8 una start-up innovativa con sede a Pisa. Fondata nel 2017, siamo una realt\u00e0 capace di valorizzare le significative esperienze della nostra squadra, ben addestrata ad eseguire gli studi pi\u00f9 avanzati all\u2019interno di un laboratorio affidabile, tecnologicamente avanzato e certificato ISO 9001:2015. Il nostro obiettivo\u00a0\u00e8 trovare nuove applicazioni per tutti i rifiuti, scarti [&hellip;]<\/p>\n","protected":false},"author":1,"featured_media":394,"parent":0,"menu_order":0,"comment_status":"closed","ping_status":"closed","template":"pagina-header-2col.php","meta":[],"home_visibilities":[],"acf":[],"yoast_head":"<!-- This site is optimized with the Yoast SEO plugin v20.12 - https:\/\/yoast.com\/wordpress\/plugins\/seo\/ -->\n<title>Ci presentiamo - Mopilab<\/title>\n<meta name=\"robots\" content=\"index, follow, max-snippet:-1, max-image-preview:large, max-video-preview:-1\" \/>\n<link rel=\"canonical\" href=\"https:\/\/mopilab.com\/it\/azienda\/\" \/>\n<meta property=\"og:locale\" content=\"it_IT\" \/>\n<meta property=\"og:type\" content=\"article\" \/>\n<meta property=\"og:title\" content=\"Ci presentiamo - Mopilab\" \/>\n<meta property=\"og:description\" content=\"MOPI S.r.l. \u00e8 una start-up innovativa con sede a Pisa. Fondata nel 2017, siamo una realt\u00e0 capace di valorizzare le significative esperienze della nostra squadra, ben addestrata ad eseguire gli studi pi\u00f9 avanzati all\u2019interno di un laboratorio affidabile, tecnologicamente avanzato e certificato ISO 9001:2015. Il nostro obiettivo\u00a0\u00e8 trovare nuove applicazioni per tutti i rifiuti, scarti [&hellip;]\" \/>\n<meta property=\"og:url\" content=\"https:\/\/mopilab.com\/it\/azienda\/\" \/>\n<meta property=\"og:site_name\" content=\"Mopilab\" \/>\n<meta property=\"article:modified_time\" content=\"2022-03-03T15:01:44+00:00\" \/>\n<meta property=\"og:image\" content=\"https:\/\/mopilab.com\/wp-content\/uploads\/mopi-srl.jpg\" \/>\n\t<meta property=\"og:image:width\" content=\"800\" \/>\n\t<meta property=\"og:image:height\" content=\"600\" \/>\n\t<meta property=\"og:image:type\" content=\"image\/jpeg\" \/>\n<meta name=\"twitter:card\" content=\"summary_large_image\" \/>\n<meta name=\"twitter:label1\" content=\"Tempo di lettura stimato\" \/>\n\t<meta name=\"twitter:data1\" content=\"1 minuto\" \/>\n<script type=\"application\/ld+json\" class=\"yoast-schema-graph\">{\"@context\":\"https:\/\/schema.org\",\"@graph\":[{\"@type\":\"WebPage\",\"@id\":\"https:\/\/mopilab.com\/it\/azienda\/\",\"url\":\"https:\/\/mopilab.com\/it\/azienda\/\",\"name\":\"Ci presentiamo - Mopilab\",\"isPartOf\":{\"@id\":\"https:\/\/mopilab.com\/it\/#website\"},\"datePublished\":\"2019-06-07T09:55:27+00:00\",\"dateModified\":\"2022-03-03T15:01:44+00:00\",\"breadcrumb\":{\"@id\":\"https:\/\/mopilab.com\/it\/azienda\/#breadcrumb\"},\"inLanguage\":\"it-IT\",\"potentialAction\":[{\"@type\":\"ReadAction\",\"target\":[\"https:\/\/mopilab.com\/it\/azienda\/\"]}]},{\"@type\":\"BreadcrumbList\",\"@id\":\"https:\/\/mopilab.com\/it\/azienda\/#breadcrumb\",\"itemListElement\":[{\"@type\":\"ListItem\",\"position\":1,\"name\":\"Home\",\"item\":\"https:\/\/mopilab.com\/it\/\"},{\"@type\":\"ListItem\",\"position\":2,\"name\":\"Ci presentiamo\"}]},{\"@type\":\"WebSite\",\"@id\":\"https:\/\/mopilab.com\/it\/#website\",\"url\":\"https:\/\/mopilab.com\/it\/\",\"name\":\"Mopilab\",\"description\":\"Green economy e recupero materiali\",\"potentialAction\":[{\"@type\":\"SearchAction\",\"target\":{\"@type\":\"EntryPoint\",\"urlTemplate\":\"https:\/\/mopilab.com\/it\/?s={search_term_string}\"},\"query-input\":\"required name=search_term_string\"}],\"inLanguage\":\"it-IT\"}]}<\/script>\n<!-- \/ Yoast SEO plugin. -->","yoast_head_json":{"title":"Ci presentiamo - Mopilab","robots":{"index":"index","follow":"follow","max-snippet":"max-snippet:-1","max-image-preview":"max-image-preview:large","max-video-preview":"max-video-preview:-1"},"canonical":"https:\/\/mopilab.com\/it\/azienda\/","og_locale":"it_IT","og_type":"article","og_title":"Ci presentiamo - Mopilab","og_description":"MOPI S.r.l. \u00e8 una start-up innovativa con sede a Pisa. Fondata nel 2017, siamo una realt\u00e0 capace di valorizzare le significative esperienze della nostra squadra, ben addestrata ad eseguire gli studi pi\u00f9 avanzati all\u2019interno di un laboratorio affidabile, tecnologicamente avanzato e certificato ISO 9001:2015. Il nostro obiettivo\u00a0\u00e8 trovare nuove applicazioni per tutti i rifiuti, scarti [&hellip;]","og_url":"https:\/\/mopilab.com\/it\/azienda\/","og_site_name":"Mopilab","article_modified_time":"2022-03-03T15:01:44+00:00","og_image":[{"width":800,"height":600,"url":"https:\/\/mopilab.com\/wp-content\/uploads\/mopi-srl.jpg","type":"image\/jpeg"}],"twitter_card":"summary_large_image","twitter_misc":{"Tempo di lettura stimato":"1 minuto"},"schema":{"@context":"https:\/\/schema.org","@graph":[{"@type":"WebPage","@id":"https:\/\/mopilab.com\/it\/azienda\/","url":"https:\/\/mopilab.com\/it\/azienda\/","name":"Ci presentiamo - Mopilab","isPartOf":{"@id":"https:\/\/mopilab.com\/it\/#website"},"datePublished":"2019-06-07T09:55:27+00:00","dateModified":"2022-03-03T15:01:44+00:00","breadcrumb":{"@id":"https:\/\/mopilab.com\/it\/azienda\/#breadcrumb"},"inLanguage":"it-IT","potentialAction":[{"@type":"ReadAction","target":["https:\/\/mopilab.com\/it\/azienda\/"]}]},{"@type":"BreadcrumbList","@id":"https:\/\/mopilab.com\/it\/azienda\/#breadcrumb","itemListElement":[{"@type":"ListItem","position":1,"name":"Home","item":"https:\/\/mopilab.com\/it\/"},{"@type":"ListItem","position":2,"name":"Ci presentiamo"}]},{"@type":"WebSite","@id":"https:\/\/mopilab.com\/it\/#website","url":"https:\/\/mopilab.com\/it\/","name":"Mopilab","description":"Green economy e recupero materiali","potentialAction":[{"@type":"SearchAction","target":{"@type":"EntryPoint","urlTemplate":"https:\/\/mopilab.com\/it\/?s={search_term_string}"},"query-input":"required name=search_term_string"}],"inLanguage":"it-IT"}]}},"_links":{"self":[{"href":"https:\/\/mopilab.com\/it\/wp-json\/wp\/v2\/pages\/391"}],"collection":[{"href":"https:\/\/mopilab.com\/it\/wp-json\/wp\/v2\/pages"}],"about":[{"href":"https:\/\/mopilab.com\/it\/wp-json\/wp\/v2\/types\/page"}],"author":[{"embeddable":true,"href":"https:\/\/mopilab.com\/it\/wp-json\/wp\/v2\/users\/1"}],"replies":[{"embeddable":true,"href":"https:\/\/mopilab.com\/it\/wp-json\/wp\/v2\/comments?post=391"}],"version-history":[{"count":0,"href":"https:\/\/mopilab.com\/it\/wp-json\/wp\/v2\/pages\/391\/revisions"}],"wp:featuredmedia":[{"embeddable":true,"href":"https:\/\/mopilab.com\/it\/wp-json\/wp\/v2\/media\/394"}],"wp:attachment":[{"href":"https:\/\/mopilab.com\/it\/wp-json\/wp\/v2\/media?parent=391"}],"wp:term":[{"taxonomy":"home_visibilities","embeddable":true,"href":"https:\/\/mopilab.com\/it\/wp-json\/wp\/v2\/home_visibilities?post=391"}],"curies":[{"name":"wp","href":"https:\/\/api.w.org\/{rel}","templated":true}]}}