{"id":480,"date":"2019-06-11T18:18:45","date_gmt":"2019-06-11T16:18:45","guid":{"rendered":"https:\/\/mopilab.com\/i-test-disponibili\/"},"modified":"2022-03-09T11:22:39","modified_gmt":"2022-03-09T10:22:39","slug":"test-disponibili","status":"publish","type":"page","link":"https:\/\/mopilab.com\/it\/test-disponibili\/","title":{"rendered":"I test disponibili"},"content":{"rendered":"<div class=\"row\">\n<div class=\"col-sm-4\"><img decoding=\"async\" class=\"alignleft size-full wp-image-481 img-fluid\" src=\"http:\/\/mopilab.com\/wp-content\/uploads\/our-test.jpg\" alt=\"\" width=\"431\" height=\"767\" srcset=\"https:\/\/mopilab.com\/wp-content\/uploads\/our-test.jpg 431w, https:\/\/mopilab.com\/wp-content\/uploads\/our-test-169x300.jpg 169w\" sizes=\"(max-width: 431px) 100vw, 431px\" \/><\/div>\n<div class=\"col-sm-8\">\n<div class=\"container table-responsive\">\n<table class=\"table table-striped\">\n<tbody>\n<tr>\n<td class=\"align-middle\">Viscosit\u00e0 rotazionale<\/td>\n<td class=\"align-middle\">ASTM D4402<\/td>\n<\/tr>\n<tr>\n<td class=\"align-middle\">Penetrazione<\/td>\n<td class=\"align-middle\">EN 1426<\/td>\n<\/tr>\n<tr>\n<td class=\"align-middle\">Punto di rammollimento<\/td>\n<td class=\"align-middle\">EN 1427<\/td>\n<\/tr>\n<tr>\n<td class=\"align-middle\">Flessibilit\u00e0 a freddo<\/td>\n<td class=\"align-middle\">EN 1109<\/td>\n<\/tr>\n<tr>\n<td class=\"align-middle\">Prova di trazione<\/td>\n<td class=\"align-middle\">EN 12311<\/td>\n<\/tr>\n<tr>\n<td class=\"align-middle\">Prova di lacerazione<\/td>\n<td class=\"align-middle\">EN 12310<\/td>\n<\/tr>\n<tr>\n<td class=\"align-middle\">Determinazione umidit\u00e0<\/td>\n<td class=\"align-middle\">ASTM D5668-09<\/td>\n<\/tr>\n<tr>\n<td class=\"align-middle\">Propriet\u00e0 meccaniche in flessione<\/td>\n<td class=\"align-middle\">ISO 178<\/td>\n<\/tr>\n<tr>\n<td class=\"align-middle\">Propriet\u00e0 meccaniche in trazione<\/td>\n<td class=\"align-middle\">EN 60811-501<\/td>\n<\/tr>\n<tr>\n<td class=\"align-middle\">Misure di termocompressione<\/td>\n<td class=\"align-middle\">EN 60811-509\/508\/160<\/td>\n<\/tr>\n<tr>\n<td class=\"align-middle\">Carico statico<\/td>\n<td class=\"align-middle\">EN 12730<\/td>\n<\/tr>\n<tr>\n<td class=\"align-middle\">Carico dinamico<\/td>\n<td class=\"align-middle\">EN 12691<\/td>\n<\/tr>\n<tr>\n<td class=\"align-middle\">Scorrimento a caldo<\/td>\n<td class=\"align-middle\">EN 1110<\/td>\n<\/tr>\n<tr>\n<td class=\"align-middle\">Misura del LOI<\/td>\n<td class=\"align-middle\">ASTM D2863<\/td>\n<\/tr>\n<tr>\n<td class=\"align-middle\">Melt flow index<\/td>\n<td class=\"align-middle\">EN ISO 1133<\/td>\n<\/tr>\n<tr>\n<td class=\"align-middle\">Coefficente di assorbimento acustico<\/td>\n<td class=\"align-middle\">UNI ISO 13472<\/td>\n<\/tr>\n<tr>\n<td class=\"align-middle\">Misure di vibrazione<\/td>\n<td class=\"align-middle\">UNI EN ISO 8041<\/td>\n<\/tr>\n<tr>\n<td class=\"align-middle\">Comportamento al fuoco <\/td>\n<td class=\"align-middle\">Metodo interno<\/td>\n<\/tr>\n<\/tbody>\n<\/table>\n<p>E molto altro&#8230;<\/p>\n<\/div>\n<\/div>\n<\/div>\n","protected":false},"excerpt":{"rendered":"<p>Viscosit\u00e0 rotazionale ASTM D4402 Penetrazione EN 1426 Punto di rammollimento EN 1427 Flessibilit\u00e0 a freddo EN 1109 Prova di trazione EN 12311 Prova di lacerazione EN 12310 Determinazione umidit\u00e0 ASTM D5668-09 Propriet\u00e0 meccaniche in flessione ISO 178 Propriet\u00e0 meccaniche in trazione EN 60811-501 Misure di termocompressione EN 60811-509\/508\/160 Carico statico EN 12730 Carico dinamico EN [&hellip;]<\/p>\n","protected":false},"author":1,"featured_media":0,"parent":0,"menu_order":0,"comment_status":"closed","ping_status":"closed","template":"pagina-con-cta.php","meta":[],"home_visibilities":[],"acf":[],"yoast_head":"<!-- This site is optimized with the Yoast SEO plugin v20.12 - https:\/\/yoast.com\/wordpress\/plugins\/seo\/ -->\n<title>I test disponibili - Mopilab<\/title>\n<meta name=\"robots\" content=\"index, follow, max-snippet:-1, max-image-preview:large, max-video-preview:-1\" \/>\n<link rel=\"canonical\" href=\"https:\/\/mopilab.com\/it\/test-disponibili\/\" \/>\n<meta property=\"og:locale\" content=\"it_IT\" \/>\n<meta property=\"og:type\" content=\"article\" \/>\n<meta property=\"og:title\" content=\"I test disponibili - Mopilab\" \/>\n<meta property=\"og:description\" content=\"Viscosit\u00e0 rotazionale ASTM D4402 Penetrazione EN 1426 Punto di rammollimento EN 1427 Flessibilit\u00e0 a freddo EN 1109 Prova di trazione EN 12311 Prova di lacerazione EN 12310 Determinazione umidit\u00e0 ASTM D5668-09 Propriet\u00e0 meccaniche in flessione ISO 178 Propriet\u00e0 meccaniche in trazione EN 60811-501 Misure di termocompressione EN 60811-509\/508\/160 Carico statico EN 12730 Carico dinamico EN [&hellip;]\" \/>\n<meta property=\"og:url\" content=\"https:\/\/mopilab.com\/it\/test-disponibili\/\" \/>\n<meta property=\"og:site_name\" content=\"Mopilab\" \/>\n<meta property=\"article:modified_time\" content=\"2022-03-09T10:22:39+00:00\" \/>\n<meta property=\"og:image\" content=\"http:\/\/mopilab.com\/wp-content\/uploads\/our-test.jpg\" \/>\n<meta name=\"twitter:card\" content=\"summary_large_image\" \/>\n<meta name=\"twitter:label1\" content=\"Tempo di lettura stimato\" \/>\n\t<meta name=\"twitter:data1\" content=\"1 minuto\" \/>\n<script type=\"application\/ld+json\" class=\"yoast-schema-graph\">{\"@context\":\"https:\/\/schema.org\",\"@graph\":[{\"@type\":\"WebPage\",\"@id\":\"https:\/\/mopilab.com\/it\/test-disponibili\/\",\"url\":\"https:\/\/mopilab.com\/it\/test-disponibili\/\",\"name\":\"I test disponibili - Mopilab\",\"isPartOf\":{\"@id\":\"https:\/\/mopilab.com\/it\/#website\"},\"datePublished\":\"2019-06-11T16:18:45+00:00\",\"dateModified\":\"2022-03-09T10:22:39+00:00\",\"breadcrumb\":{\"@id\":\"https:\/\/mopilab.com\/it\/test-disponibili\/#breadcrumb\"},\"inLanguage\":\"it-IT\",\"potentialAction\":[{\"@type\":\"ReadAction\",\"target\":[\"https:\/\/mopilab.com\/it\/test-disponibili\/\"]}]},{\"@type\":\"BreadcrumbList\",\"@id\":\"https:\/\/mopilab.com\/it\/test-disponibili\/#breadcrumb\",\"itemListElement\":[{\"@type\":\"ListItem\",\"position\":1,\"name\":\"Home\",\"item\":\"https:\/\/mopilab.com\/it\/\"},{\"@type\":\"ListItem\",\"position\":2,\"name\":\"I test disponibili\"}]},{\"@type\":\"WebSite\",\"@id\":\"https:\/\/mopilab.com\/it\/#website\",\"url\":\"https:\/\/mopilab.com\/it\/\",\"name\":\"Mopilab\",\"description\":\"Green economy e recupero materiali\",\"potentialAction\":[{\"@type\":\"SearchAction\",\"target\":{\"@type\":\"EntryPoint\",\"urlTemplate\":\"https:\/\/mopilab.com\/it\/?s={search_term_string}\"},\"query-input\":\"required name=search_term_string\"}],\"inLanguage\":\"it-IT\"}]}<\/script>\n<!-- \/ Yoast SEO plugin. -->","yoast_head_json":{"title":"I test disponibili - Mopilab","robots":{"index":"index","follow":"follow","max-snippet":"max-snippet:-1","max-image-preview":"max-image-preview:large","max-video-preview":"max-video-preview:-1"},"canonical":"https:\/\/mopilab.com\/it\/test-disponibili\/","og_locale":"it_IT","og_type":"article","og_title":"I test disponibili - Mopilab","og_description":"Viscosit\u00e0 rotazionale ASTM D4402 Penetrazione EN 1426 Punto di rammollimento EN 1427 Flessibilit\u00e0 a freddo EN 1109 Prova di trazione EN 12311 Prova di lacerazione EN 12310 Determinazione umidit\u00e0 ASTM D5668-09 Propriet\u00e0 meccaniche in flessione ISO 178 Propriet\u00e0 meccaniche in trazione EN 60811-501 Misure di termocompressione EN 60811-509\/508\/160 Carico statico EN 12730 Carico dinamico EN [&hellip;]","og_url":"https:\/\/mopilab.com\/it\/test-disponibili\/","og_site_name":"Mopilab","article_modified_time":"2022-03-09T10:22:39+00:00","og_image":[{"url":"http:\/\/mopilab.com\/wp-content\/uploads\/our-test.jpg"}],"twitter_card":"summary_large_image","twitter_misc":{"Tempo di lettura stimato":"1 minuto"},"schema":{"@context":"https:\/\/schema.org","@graph":[{"@type":"WebPage","@id":"https:\/\/mopilab.com\/it\/test-disponibili\/","url":"https:\/\/mopilab.com\/it\/test-disponibili\/","name":"I test disponibili - Mopilab","isPartOf":{"@id":"https:\/\/mopilab.com\/it\/#website"},"datePublished":"2019-06-11T16:18:45+00:00","dateModified":"2022-03-09T10:22:39+00:00","breadcrumb":{"@id":"https:\/\/mopilab.com\/it\/test-disponibili\/#breadcrumb"},"inLanguage":"it-IT","potentialAction":[{"@type":"ReadAction","target":["https:\/\/mopilab.com\/it\/test-disponibili\/"]}]},{"@type":"BreadcrumbList","@id":"https:\/\/mopilab.com\/it\/test-disponibili\/#breadcrumb","itemListElement":[{"@type":"ListItem","position":1,"name":"Home","item":"https:\/\/mopilab.com\/it\/"},{"@type":"ListItem","position":2,"name":"I test disponibili"}]},{"@type":"WebSite","@id":"https:\/\/mopilab.com\/it\/#website","url":"https:\/\/mopilab.com\/it\/","name":"Mopilab","description":"Green economy e recupero materiali","potentialAction":[{"@type":"SearchAction","target":{"@type":"EntryPoint","urlTemplate":"https:\/\/mopilab.com\/it\/?s={search_term_string}"},"query-input":"required name=search_term_string"}],"inLanguage":"it-IT"}]}},"_links":{"self":[{"href":"https:\/\/mopilab.com\/it\/wp-json\/wp\/v2\/pages\/480"}],"collection":[{"href":"https:\/\/mopilab.com\/it\/wp-json\/wp\/v2\/pages"}],"about":[{"href":"https:\/\/mopilab.com\/it\/wp-json\/wp\/v2\/types\/page"}],"author":[{"embeddable":true,"href":"https:\/\/mopilab.com\/it\/wp-json\/wp\/v2\/users\/1"}],"replies":[{"embeddable":true,"href":"https:\/\/mopilab.com\/it\/wp-json\/wp\/v2\/comments?post=480"}],"version-history":[{"count":0,"href":"https:\/\/mopilab.com\/it\/wp-json\/wp\/v2\/pages\/480\/revisions"}],"wp:attachment":[{"href":"https:\/\/mopilab.com\/it\/wp-json\/wp\/v2\/media?parent=480"}],"wp:term":[{"taxonomy":"home_visibilities","embeddable":true,"href":"https:\/\/mopilab.com\/it\/wp-json\/wp\/v2\/home_visibilities?post=480"}],"curies":[{"name":"wp","href":"https:\/\/api.w.org\/{rel}","templated":true}]}}